







{"id":3515,"date":"2025-07-15T10:16:36","date_gmt":"2025-07-15T10:16:36","guid":{"rendered":"https:\/\/ongsouriredafrique.com\/?page_id=3515"},"modified":"2026-02-18T10:53:26","modified_gmt":"2026-02-18T10:53:26","slug":"make-a-donation","status":"publish","type":"page","link":"https:\/\/ongsouriredafrique.com\/en\/make-a-donation\/","title":{"rendered":"Make a donation"},"content":{"rendered":"\t\t<div data-elementor-type=\"wp-page\" data-elementor-id=\"3515\" class=\"elementor elementor-3515\">\n\t\t\t\t<div class=\"elementor-element elementor-element-36f6554 e-flex e-con-boxed lakit-col-width-auto-no e-container e-root-container elementor-top-section e-con e-parent\" data-id=\"36f6554\" data-element_type=\"container\" data-e-type=\"container\" data-settings=\"{&quot;background_background&quot;:&quot;classic&quot;,&quot;background_motion_fx_motion_fx_scrolling&quot;:&quot;yes&quot;,&quot;background_motion_fx_translateY_effect&quot;:&quot;yes&quot;,&quot;background_motion_fx_translateY_speed&quot;:{&quot;unit&quot;:&quot;px&quot;,&quot;size&quot;:2,&quot;sizes&quot;:[]},&quot;background_motion_fx_devices&quot;:[&quot;tablet&quot;,&quot;desktop&quot;],&quot;shape_divider_bottom&quot;:&quot;lakit-shape-10&quot;,&quot;shape_divider_bottom_negative&quot;:&quot;yes&quot;,&quot;background_motion_fx_translateY_affectedRange&quot;:{&quot;unit&quot;:&quot;%&quot;,&quot;size&quot;:&quot;&quot;,&quot;sizes&quot;:{&quot;start&quot;:20,&quot;end&quot;:80}}}\">\n\t\t\t\t\t<div class=\"e-con-inner\">\n\t\t\t\t<div class=\"elementor-shape elementor-shape-bottom\" aria-hidden=\"true\" data-negative=\"true\">\n\t\t\t<svg xmlns=\"http:\/\/www.w3.org\/2000\/svg\" preserveAspectRatio=\"none\" viewBox=\"0 0 1514 45\">\n    <path class=\"elementor-shape-fill\" fill=\"#000\" d=\"M1514 22.429s-114 50.465-526.5 0-987.5 0-987.5 0V45h1514V22.429Z\"\/>\n<\/svg>\t\t<\/div>\n\t\t\t\t<div class=\"elementor-element elementor-element-c853180 lakit-breadcrumbs-page-title-yes lakit-breadcrumbs-align-center elementor-invisible elementor-widget lastudio-kit elementor-lakit-breadcrumbs\" data-id=\"c853180\" data-element_type=\"widget\" data-e-type=\"widget\" data-settings=\"{&quot;_animation&quot;:&quot;lakitFoldDown&quot;,&quot;_animation_delay&quot;:150}\" data-widget_type=\"lakit-breadcrumbs.default\">\n\t\t\t\t\t\n\t\t<div class=\"lakit-breadcrumbs\"><h1 class=\"lakit-breadcrumbs__title\">Faire un don<\/h1>\n\t\t<div class=\"lakit-breadcrumbs__content\">\n\t\t<div class=\"lakit-breadcrumbs__wrap\"><div class=\"lakit-breadcrumbs__item\"><span class=\"lakit-breadcrumbs__item-target\">Faire un don<\/span><\/div>\n\t\t<\/div>\n\t\t<\/div>\n\t\t<\/div>\t\t\t\t<\/div>\n\t\t\t\t\t<\/div>\n\t\t\t\t<\/div>\n\t\t<div class=\"elementor-element elementor-element-b6cafb8 e-flex e-con-boxed lakit-col-width-auto-no e-container e-root-container elementor-top-section e-con e-parent\" data-id=\"b6cafb8\" data-element_type=\"container\" data-e-type=\"container\">\n\t\t\t\t\t<div class=\"e-con-inner\">\n\t\t<div class=\"elementor-element elementor-element-56ae276 e-con-full e-flex lakit-col-width-auto-no e-container e-con e-child\" data-id=\"56ae276\" data-element_type=\"container\" data-e-type=\"container\">\n\t\t\t\t<div class=\"elementor-element elementor-element-5c23dfa lakit_tab-full-yes elementor-widget-tablet__width-initial elementor-widget lastudio-kit elementor-lakit-tabs\" data-id=\"5c23dfa\" data-element_type=\"widget\" data-e-type=\"widget\" data-widget_type=\"lakit-tabs.default\">\n\t\t\t\t<div class=\"elementor-widget-container\">\n\t\t\t\t\t    <div class=\"lakit-tabs lakit-tabs-position-top lakit-tabs-move-up-effect\" data-settings=\"{&quot;activeIndex&quot;:0,&quot;event&quot;:&quot;click&quot;,&quot;autoSwitch&quot;:false,&quot;autoSwitchDelay&quot;:null}\">\n      <div class=\"lakit-tabs__control-wrapper\">\n                      <div id=\"lakit-tabs-control-9661\" class=\"lakit-tabs__control lakit-tabs__control-icon-left active-tab\" data-tab=\"1\" tabindex=\"9661\">\n                  <div class=\"lakit-tabs__control-inner\">\n                      <div class=\"lakit-tabs__label\"><div class=\"lakit-tabs__label-text\">Mobile money \/ carte de cr\u00e9dit<\/div><\/div>                  <\/div>\n              <\/div>\n                            <div id=\"lakit-tabs-control-9662\" class=\"lakit-tabs__control lakit-tabs__control-icon-left \" data-tab=\"2\" tabindex=\"9662\">\n                  <div class=\"lakit-tabs__control-inner\">\n                      <div class=\"lakit-tabs__label\"><div class=\"lakit-tabs__label-text\">Qr code<\/div><\/div>                  <\/div>\n              <\/div>\n              <div class=\"lakit-tabs__control-wrapper-mobile\"><a href=\"#\" rel=\"nofollow\" target=\"_self\"><\/a><\/div>      <\/div>\n      <div class=\"lakit-tabs__content-wrapper\">\n        <div id=\"lakit-tabs-content-9661\" class=\"lakit-tabs__content active-content\" data-tab=\"1\">\t\t<div data-elementor-type=\"container\" data-elementor-id=\"3920\" class=\"elementor elementor-3920\">\n\t\t\t\t<div class=\"elementor-element elementor-element-6ac2e08 e-flex e-con-boxed lakit-col-width-auto-no e-container e-root-container elementor-top-section e-con e-parent\" data-id=\"6ac2e08\" data-element_type=\"container\" data-e-type=\"container\">\n\t\t\t\t\t<div class=\"e-con-inner\">\n\t\t\t\t<div class=\"elementor-element elementor-element-b88f14d elementor-widget elementor-widget-shortcode\" data-id=\"b88f14d\" data-element_type=\"widget\" data-e-type=\"widget\" data-widget_type=\"shortcode.default\">\n\t\t\t\t\t\t\t<div class=\"elementor-shortcode\">[kkiapay_donation]<\/div>\n\t\t\t\t\t\t<\/div>\n\t\t\t\t\t<\/div>\n\t\t\t\t<\/div>\n\t\t\t\t<\/div>\n\t\t<\/div><div id=\"lakit-tabs-content-9662\" class=\"lakit-tabs__content \" data-tab=\"2\"><div data-lakit_ajax_loadtemplate=\"true\" data-template-id=\"3829\"><span class=\"lakit-css-loader\"><\/span><\/div><\/div>      <\/div>\n    <\/div>\n    \t\t\t\t<\/div>\n\t\t\t\t<\/div>\n\t\t\t\t<\/div>\n\t\t<div class=\"elementor-element elementor-element-9c3b04f e-con-full e-flex lakit-col-width-auto-no e-container e-con e-child\" data-id=\"9c3b04f\" data-element_type=\"container\" data-e-type=\"container\" data-settings=\"{&quot;background_background&quot;:&quot;classic&quot;}\">\n\t\t\t\t<\/div>\n\t\t\t\t\t<\/div>\n\t\t\t\t<\/div>\n\t\t\t\t<\/div>\n\t\t","protected":false},"excerpt":{"rendered":"<p>Faire un don Faire un don Mobile money \/ carte de cr\u00e9dit Qr code Faites un don pour soutenir nos actions Nom complet T\u00e9l\u00e9phone Devise Euro (\u20ac)Dollar ($)Franc CFA Montant \ud83d\udcb3 Faire un don \ud83d\udd12 Paiement 100% s\u00e9curis\u00e9<\/p>","protected":false},"author":1,"featured_media":3289,"parent":0,"menu_order":0,"comment_status":"closed","ping_status":"closed","template":"","meta":{"give_campaign_id":0,"footnotes":""},"class_list":["post-3515","page","type-page","status-publish","has-post-thumbnail","hentry"],"yoast_head":"<!-- This site is optimized with the Yoast SEO plugin v27.1.1 - https:\/\/yoast.com\/product\/yoast-seo-wordpress\/ -->\n<title>Faire un don - ONG SOURIRE D&#039;AFRIQUE<\/title>\n<meta name=\"description\" content=\"Faites un don pour soutenir nos actions. De nombreux modes de paiements sont disponlibles.\" \/>\n<meta name=\"robots\" content=\"index, follow, max-snippet:-1, max-image-preview:large, max-video-preview:-1\" \/>\n<link rel=\"canonical\" href=\"https:\/\/ongsouriredafrique.com\/en\/make-a-donation\/\" \/>\n<meta property=\"og:locale\" content=\"en_US\" \/>\n<meta property=\"og:type\" content=\"article\" \/>\n<meta property=\"og:title\" content=\"Faire un don - ONG SOURIRE D&#039;AFRIQUE\" \/>\n<meta property=\"og:description\" content=\"Faites un don pour soutenir nos actions. De nombreux modes de paiements sont disponlibles.\" \/>\n<meta property=\"og:url\" content=\"https:\/\/ongsouriredafrique.com\/en\/make-a-donation\/\" \/>\n<meta property=\"og:site_name\" content=\"ONG SOURIRE D&#039;AFRIQUE\" \/>\n<meta property=\"article:publisher\" content=\"https:\/\/www.facebook.com\/p\/ONG-Sourire-dAfrique-100092040363192\/\" \/>\n<meta property=\"article:modified_time\" content=\"2026-02-18T10:53:26+00:00\" \/>\n<meta property=\"og:image\" content=\"https:\/\/ongsouriredafrique.com\/wp-content\/uploads\/2025\/11\/gw-m1-s9-img-c.jpg\" \/>\n\t<meta property=\"og:image:width\" content=\"1200\" \/>\n\t<meta property=\"og:image:height\" content=\"800\" \/>\n\t<meta property=\"og:image:type\" content=\"image\/jpeg\" \/>\n<meta name=\"twitter:card\" content=\"summary_large_image\" \/>\n<meta name=\"twitter:label1\" content=\"Est. reading time\" \/>\n\t<meta name=\"twitter:data1\" content=\"1 minute\" \/>\n<script type=\"application\/ld+json\" class=\"yoast-schema-graph\">{\"@context\":\"https:\/\/schema.org\",\"@graph\":[{\"@type\":\"WebPage\",\"@id\":\"https:\/\/ongsouriredafrique.com\/faire-un-don\/\",\"url\":\"https:\/\/ongsouriredafrique.com\/faire-un-don\/\",\"name\":\"Faire un don - ONG SOURIRE D&#039;AFRIQUE\",\"isPartOf\":{\"@id\":\"https:\/\/ongsouriredafrique.com\/#website\"},\"primaryImageOfPage\":{\"@id\":\"https:\/\/ongsouriredafrique.com\/faire-un-don\/#primaryimage\"},\"image\":{\"@id\":\"https:\/\/ongsouriredafrique.com\/faire-un-don\/#primaryimage\"},\"thumbnailUrl\":\"https:\/\/ongsouriredafrique.com\/wp-content\/uploads\/2025\/11\/gw-m1-s9-img-c.jpg\",\"datePublished\":\"2025-07-15T10:16:36+00:00\",\"dateModified\":\"2026-02-18T10:53:26+00:00\",\"description\":\"Faites un don pour soutenir nos actions. De nombreux modes de paiements sont disponlibles.\",\"breadcrumb\":{\"@id\":\"https:\/\/ongsouriredafrique.com\/faire-un-don\/#breadcrumb\"},\"inLanguage\":\"en-US\",\"potentialAction\":[{\"@type\":\"ReadAction\",\"target\":[\"https:\/\/ongsouriredafrique.com\/faire-un-don\/\"]}]},{\"@type\":\"ImageObject\",\"inLanguage\":\"en-US\",\"@id\":\"https:\/\/ongsouriredafrique.com\/faire-un-don\/#primaryimage\",\"url\":\"https:\/\/ongsouriredafrique.com\/wp-content\/uploads\/2025\/11\/gw-m1-s9-img-c.jpg\",\"contentUrl\":\"https:\/\/ongsouriredafrique.com\/wp-content\/uploads\/2025\/11\/gw-m1-s9-img-c.jpg\",\"width\":1200,\"height\":800},{\"@type\":\"BreadcrumbList\",\"@id\":\"https:\/\/ongsouriredafrique.com\/faire-un-don\/#breadcrumb\",\"itemListElement\":[{\"@type\":\"ListItem\",\"position\":1,\"name\":\"Accueil\",\"item\":\"https:\/\/ongsouriredafrique.com\/\"},{\"@type\":\"ListItem\",\"position\":2,\"name\":\"Faire un don\"}]},{\"@type\":\"WebSite\",\"@id\":\"https:\/\/ongsouriredafrique.com\/#website\",\"url\":\"https:\/\/ongsouriredafrique.com\/\",\"name\":\"ONG SOURIRE D'AFRIQUE\",\"description\":\"Toujours avec vous\",\"publisher\":{\"@id\":\"https:\/\/ongsouriredafrique.com\/#organization\"},\"potentialAction\":[{\"@type\":\"SearchAction\",\"target\":{\"@type\":\"EntryPoint\",\"urlTemplate\":\"https:\/\/ongsouriredafrique.com\/?s={search_term_string}\"},\"query-input\":{\"@type\":\"PropertyValueSpecification\",\"valueRequired\":true,\"valueName\":\"search_term_string\"}}],\"inLanguage\":\"en-US\"},{\"@type\":\"Organization\",\"@id\":\"https:\/\/ongsouriredafrique.com\/#organization\",\"name\":\"ONG SOURIRE D'AFRIQUE\",\"url\":\"https:\/\/ongsouriredafrique.com\/\",\"logo\":{\"@type\":\"ImageObject\",\"inLanguage\":\"en-US\",\"@id\":\"https:\/\/ongsouriredafrique.com\/#\/schema\/logo\/image\/\",\"url\":\"https:\/\/ongsouriredafrique.com\/wp-content\/uploads\/2025\/11\/cropped-logo.jpeg\",\"contentUrl\":\"https:\/\/ongsouriredafrique.com\/wp-content\/uploads\/2025\/11\/cropped-logo.jpeg\",\"width\":512,\"height\":512,\"caption\":\"ONG SOURIRE D'AFRIQUE\"},\"image\":{\"@id\":\"https:\/\/ongsouriredafrique.com\/#\/schema\/logo\/image\/\"},\"sameAs\":[\"https:\/\/www.facebook.com\/p\/ONG-Sourire-dAfrique-100092040363192\/\",\"https:\/\/www.youtube.com\/@ONGsouriredafrique\"]}]}<\/script>\n<!-- \/ Yoast SEO plugin. -->","yoast_head_json":{"title":"Make a donation - ONG SOURIRE D'AFRIQUE","description":"Make a donation to support our actions. Many payment methods are available.","robots":{"index":"index","follow":"follow","max-snippet":"max-snippet:-1","max-image-preview":"max-image-preview:large","max-video-preview":"max-video-preview:-1"},"canonical":"https:\/\/ongsouriredafrique.com\/en\/make-a-donation\/","og_locale":"en_US","og_type":"article","og_title":"Faire un don - ONG SOURIRE D&#039;AFRIQUE","og_description":"Faites un don pour soutenir nos actions. De nombreux modes de paiements sont disponlibles.","og_url":"https:\/\/ongsouriredafrique.com\/en\/make-a-donation\/","og_site_name":"ONG SOURIRE D&#039;AFRIQUE","article_publisher":"https:\/\/www.facebook.com\/p\/ONG-Sourire-dAfrique-100092040363192\/","article_modified_time":"2026-02-18T10:53:26+00:00","og_image":[{"width":1200,"height":800,"url":"https:\/\/ongsouriredafrique.com\/wp-content\/uploads\/2025\/11\/gw-m1-s9-img-c.jpg","type":"image\/jpeg"}],"twitter_card":"summary_large_image","twitter_misc":{"Est. reading time":"1 minute"},"schema":{"@context":"https:\/\/schema.org","@graph":[{"@type":"WebPage","@id":"https:\/\/ongsouriredafrique.com\/faire-un-don\/","url":"https:\/\/ongsouriredafrique.com\/faire-un-don\/","name":"Make a donation - ONG SOURIRE D'AFRIQUE","isPartOf":{"@id":"https:\/\/ongsouriredafrique.com\/#website"},"primaryImageOfPage":{"@id":"https:\/\/ongsouriredafrique.com\/faire-un-don\/#primaryimage"},"image":{"@id":"https:\/\/ongsouriredafrique.com\/faire-un-don\/#primaryimage"},"thumbnailUrl":"https:\/\/ongsouriredafrique.com\/wp-content\/uploads\/2025\/11\/gw-m1-s9-img-c.jpg","datePublished":"2025-07-15T10:16:36+00:00","dateModified":"2026-02-18T10:53:26+00:00","description":"Make a donation to support our actions. Many payment methods are available.","breadcrumb":{"@id":"https:\/\/ongsouriredafrique.com\/faire-un-don\/#breadcrumb"},"inLanguage":"en-US","potentialAction":[{"@type":"ReadAction","target":["https:\/\/ongsouriredafrique.com\/faire-un-don\/"]}]},{"@type":"ImageObject","inLanguage":"en-US","@id":"https:\/\/ongsouriredafrique.com\/faire-un-don\/#primaryimage","url":"https:\/\/ongsouriredafrique.com\/wp-content\/uploads\/2025\/11\/gw-m1-s9-img-c.jpg","contentUrl":"https:\/\/ongsouriredafrique.com\/wp-content\/uploads\/2025\/11\/gw-m1-s9-img-c.jpg","width":1200,"height":800},{"@type":"BreadcrumbList","@id":"https:\/\/ongsouriredafrique.com\/faire-un-don\/#breadcrumb","itemListElement":[{"@type":"ListItem","position":1,"name":"Accueil","item":"https:\/\/ongsouriredafrique.com\/"},{"@type":"ListItem","position":2,"name":"Faire un don"}]},{"@type":"WebSite","@id":"https:\/\/ongsouriredafrique.com\/#website","url":"https:\/\/ongsouriredafrique.com\/","name":"Sourire d'Afrique NGO","description":"Always with you","publisher":{"@id":"https:\/\/ongsouriredafrique.com\/#organization"},"potentialAction":[{"@type":"SearchAction","target":{"@type":"EntryPoint","urlTemplate":"https:\/\/ongsouriredafrique.com\/?s={search_term_string}"},"query-input":{"@type":"PropertyValueSpecification","valueRequired":true,"valueName":"search_term_string"}}],"inLanguage":"en-US"},{"@type":"Organization","@id":"https:\/\/ongsouriredafrique.com\/#organization","name":"Sourire d'Afrique NGO","url":"https:\/\/ongsouriredafrique.com\/","logo":{"@type":"ImageObject","inLanguage":"en-US","@id":"https:\/\/ongsouriredafrique.com\/#\/schema\/logo\/image\/","url":"https:\/\/ongsouriredafrique.com\/wp-content\/uploads\/2025\/11\/cropped-logo.jpeg","contentUrl":"https:\/\/ongsouriredafrique.com\/wp-content\/uploads\/2025\/11\/cropped-logo.jpeg","width":512,"height":512,"caption":"ONG SOURIRE D'AFRIQUE"},"image":{"@id":"https:\/\/ongsouriredafrique.com\/#\/schema\/logo\/image\/"},"sameAs":["https:\/\/www.facebook.com\/p\/ONG-Sourire-dAfrique-100092040363192\/","https:\/\/www.youtube.com\/@ONGsouriredafrique"]}]}},"campaignId":"","_links":{"self":[{"href":"https:\/\/ongsouriredafrique.com\/en\/wp-json\/wp\/v2\/pages\/3515","targetHints":{"allow":["GET"]}}],"collection":[{"href":"https:\/\/ongsouriredafrique.com\/en\/wp-json\/wp\/v2\/pages"}],"about":[{"href":"https:\/\/ongsouriredafrique.com\/en\/wp-json\/wp\/v2\/types\/page"}],"author":[{"embeddable":true,"href":"https:\/\/ongsouriredafrique.com\/en\/wp-json\/wp\/v2\/users\/1"}],"replies":[{"embeddable":true,"href":"https:\/\/ongsouriredafrique.com\/en\/wp-json\/wp\/v2\/comments?post=3515"}],"version-history":[{"count":125,"href":"https:\/\/ongsouriredafrique.com\/en\/wp-json\/wp\/v2\/pages\/3515\/revisions"}],"predecessor-version":[{"id":4022,"href":"https:\/\/ongsouriredafrique.com\/en\/wp-json\/wp\/v2\/pages\/3515\/revisions\/4022"}],"wp:featuredmedia":[{"embeddable":true,"href":"https:\/\/ongsouriredafrique.com\/en\/wp-json\/wp\/v2\/media\/3289"}],"wp:attachment":[{"href":"https:\/\/ongsouriredafrique.com\/en\/wp-json\/wp\/v2\/media?parent=3515"}],"curies":[{"name":"wp","href":"https:\/\/api.w.org\/{rel}","templated":true}]}}